{"id":11,"date":"2018-05-14T15:17:50","date_gmt":"2018-05-14T13:17:50","guid":{"rendered":"http:\/\/lukoplast.sk\/?page_id=11"},"modified":"2020-07-29T07:48:34","modified_gmt":"2020-07-29T05:48:34","slug":"produkty","status":"publish","type":"page","link":"https:\/\/lukoplast.sk\/index.php\/produkty\/","title":{"rendered":"Produkty"},"content":{"rendered":"<h3>Na\u0161a ponuka\/ Na\u0161e portf\u00f3lio<\/h3>\n<div class=\"one_half\">\n<ul>\n<li>POLYETYL\u00c9N \u2013 LLDPE, LDPE, HDPE\/MDPE<\/li>\n<li>POLYPROPYL\u00c9N \u2013 PP homopolym\u00e9r, kopolym\u00e9r, random<\/li>\n<li>POLYVINYLCHLORID \u2013 SPVC pr\u00e1\u0161ok, PVC granul\u00e1ty, tvrd\u00e9, m\u00e4k\u010den\u00e9<\/li>\n<li>POLYM\u00c9RY NA B\u00c1ZE STYR\u00c9NU \u2013 ABS, ASA, SAN, HIPS, GPPS<\/li>\n<li>POLYM\u00c9RY NA B\u00c1ZE AKRYL\u00c1TU \u2013 PMMA, MBS<\/li>\n<li>POLYM\u00c9RY NA B\u00c1ZE POLYACET\u00c1LU \u2013 POM homopolym\u00e9r, POM kopolym\u00e9r<\/li>\n<li>POLYFENYLOXIDY \u2013 PPO, PPE<\/li>\n<\/ul>\n<\/div>\n<div class=\"one_half last\">\n<ul>\n<li>POLYKARBON\u00c1TY \u2013 PC, PC-ABS, PC-ASA, PC-SAN, PC-PBT\/PET<\/li>\n<li>POLYAMIDY \u2013 PA6, PA66, PA-ABS, PA11, PA12, PA4\/6, PA6\/3T, PA6\/6T<\/li>\n<li>TERMOPLASTICK\u00c9 POLYESTERY \u2013 PBT, PET<\/li>\n<li>VYSOKO TEPLOTN\u00c9 POLYM\u00c9RY \u2013 PEEK, PPS, PEI, PSU, PES, PPSU, LCP, PAI<\/li>\n<li>POLYM\u00c9RY NA B\u00c1ZE FLU\u00d3RU &#8211; PVDF, PFA, PTFE, FEP, ECTFE<\/li>\n<li>POLYURET\u00c1NY A\u00a0OSTATN\u00c9 TERMOPLASTICK\u00c9 ELASTOM\u00c9RY \u2013 TPU, TPE-V, TPE-A, TPE-E, TPE-S<\/li>\n<\/ul>\n<\/div>\n<div class=\"clear\"><\/div>\n<p>&nbsp;<\/p>\n<h3>Kvalita materi\u00e1lov:<\/h3>\n<ul>\n<li>origin\u00e1l prv\u00e1 kvalita \u00a0(prime)<\/li>\n<li>bl\u00edzka prvej kvalite \u00a0(near to prime)<\/li>\n<li>druh\u00e1 kvalita (off-grade)<\/li>\n<li>regranul\u00e1ty<\/li>\n<li>drte<\/li>\n<\/ul>\n","protected":false},"excerpt":{"rendered":"<p>Na\u0161a ponuka\/ Na\u0161e portf\u00f3lio &nbsp; Kvalita materi\u00e1lov: origin\u00e1l prv\u00e1 kvalita \u00a0(prime) bl\u00edzka prvej kvalite \u00a0(near to prime) druh\u00e1 kvalita (off-grade) regranul\u00e1ty drte<\/p>\n","protected":false},"author":1,"featured_media":0,"parent":0,"menu_order":0,"comment_status":"closed","ping_status":"closed","template":"","meta":{"_seopress_robots_primary_cat":"","_seopress_titles_title":"","_seopress_titles_desc":"","_seopress_robots_index":""},"_links":{"self":[{"href":"https:\/\/lukoplast.sk\/index.php\/wp-json\/wp\/v2\/pages\/11"}],"collection":[{"href":"https:\/\/lukoplast.sk\/index.php\/wp-json\/wp\/v2\/pages"}],"about":[{"href":"https:\/\/lukoplast.sk\/index.php\/wp-json\/wp\/v2\/types\/page"}],"author":[{"embeddable":true,"href":"https:\/\/lukoplast.sk\/index.php\/wp-json\/wp\/v2\/users\/1"}],"replies":[{"embeddable":true,"href":"https:\/\/lukoplast.sk\/index.php\/wp-json\/wp\/v2\/comments?post=11"}],"version-history":[{"count":0,"href":"https:\/\/lukoplast.sk\/index.php\/wp-json\/wp\/v2\/pages\/11\/revisions"}],"wp:attachment":[{"href":"https:\/\/lukoplast.sk\/index.php\/wp-json\/wp\/v2\/media?parent=11"}],"curies":[{"name":"wp","href":"https:\/\/api.w.org\/{rel}","templated":true}]}}