{"id":351,"date":"2021-08-19T12:02:19","date_gmt":"2021-08-19T10:02:19","guid":{"rendered":"https:\/\/lukoplast.sk\/?page_id=351"},"modified":"2022-03-03T16:49:51","modified_gmt":"2022-03-03T15:49:51","slug":"predaj","status":"publish","type":"page","link":"https:\/\/lukoplast.sk\/index.php\/predaj\/","title":{"rendered":"Predaj"},"content":{"rendered":"\n<div data-elementor-type=\"wp-page\" data-elementor-id=\"351\" class=\"elementor elementor-351\" data-elementor-settings=\"[]\">\n<div class=\"elementor-section-wrap\">\n<section class=\"elementor-section elementor-top-section elementor-element elementor-element-8e44f31 elementor-section-boxed elementor-section-height-default elementor-section-height-default\" data-id=\"8e44f31\" data-element_type=\"section\">\n<div class=\"elementor-container elementor-column-gap-default\">\n<div class=\"elementor-column elementor-col-100 elementor-top-column elementor-element elementor-element-0fdbaf4\" data-id=\"0fdbaf4\" data-element_type=\"column\">\n<div class=\"elementor-widget-wrap elementor-element-populated\">\n<div class=\"elementor-element elementor-element-d03e1aa elementor-widget elementor-widget-shortcode\" data-id=\"d03e1aa\" data-element_type=\"widget\" data-widget_type=\"shortcode.default\">\n<div class=\"elementor-widget-container\">\n<div class=\"elementor-shortcode\">\n<div id=\"tablepress-1-scroll-wrapper\" class=\"tablepress-scroll-wrapper\">\n<table id=\"tablepress-1\" class=\"tablepress tablepress-id-1 tablepress-responsive\">\n<thead>\n<tr class=\"row-1 odd\">\n<th class=\"column-1\">Kateg\u00f3ria:<\/th>\n<th class=\"column-2\">N\u00e1zov:<\/th>\n<th class=\"column-3\">Hmotnos\u0165:<\/th>\n<th class=\"column-4\">Kvalita materi\u00e1lu:<\/th>\n<th class=\"column-5\">Farba:<\/th>\n<th class=\"column-6\">Stav tovaru:<\/th>\n<th class=\"column-7\">&nbsp;<\/th>\n<\/tr>\n<\/thead>\n<tbody class=\"row-hover\">\n<tr class=\"row-2 even\">\n<td class=\"column-1\">POLYETYL\u00c9N<\/td>\n<td class=\"column-2\">LLDPE<\/td>\n<td class=\"column-3\">1kg<\/td>\n<td class=\"column-4\">regranul\u00e1ty<\/td>\n<td class=\"column-5\">biela<\/td>\n<td class=\"column-6\">skladom<\/td>\n<td class=\"column-7\"><a href=\"#sec1\">M\u00e1m z\u00e1ujem<\/a><\/td>\n<\/tr>\n<tr class=\"row-3 odd\">\n<td class=\"column-1\">POLYETYL\u00c9N<\/td>\n<td class=\"column-2\">LDPE<\/td>\n<td class=\"column-3\">2kg<\/td>\n<td class=\"column-4\">regranul\u00e1ty<\/td>\n<td class=\"column-5\">biela<\/td>\n<td class=\"column-6\">skladom<\/td>\n<td class=\"column-7\"><a href=\"#sec1\">M\u00e1m z\u00e1ujem<\/a><\/td>\n<\/tr>\n<tr class=\"row-4 even\">\n<td class=\"column-1\">POLYETYL\u00c9N<\/td>\n<td class=\"column-2\">HDPE\/MDPE<\/td>\n<td class=\"column-3\">1kg<\/td>\n<td class=\"column-4\">regranul\u00e1ty<\/td>\n<td class=\"column-5\">biela<\/td>\n<td class=\"column-6\">skladom<\/td>\n<td class=\"column-7\"><a href=\"#sec1\">M\u00e1m z\u00e1ujem<\/a><\/td>\n<\/tr>\n<tr class=\"row-5 odd\">\n<td class=\"column-1\">POLYPROPYL\u00c9N<\/td>\n<td class=\"column-2\">PP homopolym\u00e9r<\/td>\n<td class=\"column-3\">1kg<\/td>\n<td class=\"column-4\">regranul\u00e1ty<\/td>\n<td class=\"column-5\">biela<\/td>\n<td class=\"column-6\">skladom<\/td>\n<td class=\"column-7\"><a href=\"#sec1\">M\u00e1m z\u00e1ujem<\/a><\/td>\n<\/tr>\n<tr class=\"row-6 even\">\n<td class=\"column-1\">POLYPROPYL\u00c9N<\/td>\n<td class=\"column-2\">kopolym\u00e9r<\/td>\n<td class=\"column-3\">1kg<\/td>\n<td class=\"column-4\">regranul\u00e1ty<\/td>\n<td class=\"column-5\">biela<\/td>\n<td class=\"column-6\">skladom<\/td>\n<td class=\"column-7\"><a href=\"#sec1\">M\u00e1m z\u00e1ujem<\/a><\/td>\n<\/tr>\n<tr class=\"row-7 odd\">\n<td class=\"column-1\">POLYPROPYL\u00c9N<\/td>\n<td class=\"column-2\">random<\/td>\n<td class=\"column-3\">1kg<\/td>\n<td class=\"column-4\">regranul\u00e1ty<\/td>\n<td class=\"column-5\">biela<\/td>\n<td class=\"column-6\">skladom<\/td>\n<td class=\"column-7\"><a href=\"#sec1\">M\u00e1m z\u00e1ujem<\/a><\/td>\n<\/tr>\n<tr class=\"row-8 even\">\n<td class=\"column-1\">POLYVINYLCHLORID<\/td>\n<td class=\"column-2\">SPVC pr\u00e1\u0161ok<\/td>\n<td class=\"column-3\">2kg<\/td>\n<td class=\"column-4\">prime<\/td>\n<td class=\"column-5\">\u010dierna<\/td>\n<td class=\"column-6\">nie skladom<\/td>\n<td class=\"column-7\"><a href=\"#sec1\">M\u00e1m z\u00e1ujem<\/a><\/td>\n<\/tr>\n<tr class=\"row-9 odd\">\n<td class=\"column-1\">POLYVINYLCHLORID<\/td>\n<td class=\"column-2\">PVC granul\u00e1ty<\/td>\n<td class=\"column-3\">2kg<\/td>\n<td class=\"column-4\">prime<\/td>\n<td class=\"column-5\">\u010dierna<\/td>\n<td class=\"column-6\">nie skladom<\/td>\n<td class=\"column-7\"><a href=\"#sec1\">M\u00e1m z\u00e1ujem<\/a><\/td>\n<\/tr>\n<tr class=\"row-10 even\">\n<td class=\"column-1\">POLYVINYLCHLORID<\/td>\n<td class=\"column-2\">tvrd\u00e9<\/td>\n<td class=\"column-3\">2kg<\/td>\n<td class=\"column-4\">prime<\/td>\n<td class=\"column-5\">\u010dierna<\/td>\n<td class=\"column-6\">nie skladom<\/td>\n<td class=\"column-7\"><a href=\"#sec1\">M\u00e1m z\u00e1ujem<\/a><\/td>\n<\/tr>\n<tr class=\"row-11 odd\">\n<td class=\"column-1\">POLYVINYLCHLORID<\/td>\n<td class=\"column-2\">m\u00e4k\u010den\u00e9<\/td>\n<td class=\"column-3\">2kg<\/td>\n<td class=\"column-4\">prime<\/td>\n<td class=\"column-5\">\u010dierna<\/td>\n<td class=\"column-6\">nie skladom<\/td>\n<td class=\"column-7\"><a href=\"#sec1\">M\u00e1m z\u00e1ujem<\/a><\/td>\n<\/tr>\n<tr class=\"row-12 even\">\n<td class=\"column-1\">POLYM\u00c9RY NA B\u00c1ZE STYR\u00c9NU<\/td>\n<td class=\"column-2\">ABS<\/td>\n<td class=\"column-3\">2kg<\/td>\n<td class=\"column-4\">prime<\/td>\n<td class=\"column-5\">\u010dierna<\/td>\n<td class=\"column-6\">nie skladom<\/td>\n<td class=\"column-7\"><a href=\"#sec1\">M\u00e1m z\u00e1ujem<\/a><\/td>\n<\/tr>\n<tr class=\"row-13 odd\">\n<td class=\"column-1\">POLYM\u00c9RY NA B\u00c1ZE STYR\u00c9NU<\/td>\n<td class=\"column-2\">ASA<\/td>\n<td class=\"column-3\">2kg<\/td>\n<td class=\"column-4\">prime<\/td>\n<td class=\"column-5\">\u010dierna<\/td>\n<td class=\"column-6\">nie skladom<\/td>\n<td class=\"column-7\"><a href=\"#sec1\">M\u00e1m z\u00e1ujem<\/a><\/td>\n<\/tr>\n<tr class=\"row-14 even\">\n<td class=\"column-1\">POLYM\u00c9RY NA B\u00c1ZE STYR\u00c9NU<\/td>\n<td class=\"column-2\">SAN<\/td>\n<td class=\"column-3\">2kg<\/td>\n<td class=\"column-4\">prime<\/td>\n<td class=\"column-5\">\u010dierna<\/td>\n<td class=\"column-6\">nie skladom<\/td>\n<td class=\"column-7\"><a href=\"#sec1\">M\u00e1m z\u00e1ujem<\/a><\/td>\n<\/tr>\n<tr class=\"row-15 odd\">\n<td class=\"column-1\">POLYM\u00c9RY NA B\u00c1ZE STYR\u00c9NU<\/td>\n<td class=\"column-2\">HIPS<\/td>\n<td class=\"column-3\">2kg<\/td>\n<td class=\"column-4\">prime<\/td>\n<td class=\"column-5\">\u010dierna<\/td>\n<td class=\"column-6\">nie skladom<\/td>\n<td class=\"column-7\"><a href=\"#sec1\">M\u00e1m z\u00e1ujem<\/a><\/td>\n<\/tr>\n<tr class=\"row-16 even\">\n<td class=\"column-1\">POLYM\u00c9RY NA B\u00c1ZE STYR\u00c9NU<\/td>\n<td class=\"column-2\">GPPS<\/td>\n<td class=\"column-3\">2kg<\/td>\n<td class=\"column-4\">prime<\/td>\n<td class=\"column-5\">\u010dierna<\/td>\n<td class=\"column-6\">nie skladom<\/td>\n<td class=\"column-7\"><a href=\"#sec1\">M\u00e1m z\u00e1ujem<\/a><\/td>\n<\/tr>\n<tr class=\"row-17 odd\">\n<td class=\"column-1\">POLYM\u00c9RY NA B\u00c1ZE AKRYL\u00c1TU<\/td>\n<td class=\"column-2\">PMMA<\/td>\n<td class=\"column-3\">3kg<\/td>\n<td class=\"column-4\">near to prime<\/td>\n<td class=\"column-5\">\u017elt\u00e1<\/td>\n<td class=\"column-6\">skladom<\/td>\n<td class=\"column-7\"><a href=\"#sec1\">M\u00e1m z\u00e1ujem<\/a><\/td>\n<\/tr>\n<tr class=\"row-18 even\">\n<td class=\"column-1\">POLYM\u00c9RY NA B\u00c1ZE AKRYL\u00c1TU<\/td>\n<td class=\"column-2\">MBS<\/td>\n<td class=\"column-3\">3kg<\/td>\n<td class=\"column-4\">near to prime<\/td>\n<td class=\"column-5\">\u017elt\u00e1<\/td>\n<td class=\"column-6\">skladom<\/td>\n<td class=\"column-7\"><a href=\"#sec1\">M\u00e1m z\u00e1ujem<\/a><\/td>\n<\/tr>\n<tr class=\"row-19 odd\">\n<td class=\"column-1\">POLYM\u00c9RY NA B\u00c1ZE POLYACET\u00c1LU<\/td>\n<td class=\"column-2\">POM homopolym\u00e9r<\/td>\n<td class=\"column-3\">3kg<\/td>\n<td class=\"column-4\">near to prime<\/td>\n<td class=\"column-5\">\u017elt\u00e1<\/td>\n<td class=\"column-6\">skladom<\/td>\n<td class=\"column-7\"><a href=\"#sec1\">M\u00e1m z\u00e1ujem<\/a><\/td>\n<\/tr>\n<tr class=\"row-20 even\">\n<td class=\"column-1\">POLYM\u00c9RY NA B\u00c1ZE POLYACET\u00c1LU<\/td>\n<td class=\"column-2\">POM kopolym\u00e9r<\/td>\n<td class=\"column-3\">3kg<\/td>\n<td class=\"column-4\">near to prime<\/td>\n<td class=\"column-5\">\u017elt\u00e1<\/td>\n<td class=\"column-6\">skladom<\/td>\n<td class=\"column-7\"><a href=\"#sec1\">M\u00e1m z\u00e1ujem<\/a><\/td>\n<\/tr>\n<tr class=\"row-21 odd\">\n<td class=\"column-1\">POLYFENYLOXIDY<\/td>\n<td class=\"column-2\">PPO<\/td>\n<td class=\"column-3\">3kg<\/td>\n<td class=\"column-4\">near to prime<\/td>\n<td class=\"column-5\">\u017elt\u00e1<\/td>\n<td class=\"column-6\">skladom<\/td>\n<td class=\"column-7\"><a href=\"#sec1\">M\u00e1m z\u00e1ujem<\/a><\/td>\n<\/tr>\n<tr class=\"row-22 even\">\n<td class=\"column-1\">POLYFENYLOXIDY<\/td>\n<td class=\"column-2\">PPE<\/td>\n<td class=\"column-3\">3kg<\/td>\n<td class=\"column-4\">near to prime<\/td>\n<td class=\"column-5\">\u017elt\u00e1<\/td>\n<td class=\"column-6\">skladom<\/td>\n<td class=\"column-7\"><a href=\"#sec1\">M\u00e1m z\u00e1ujem<\/a><\/td>\n<\/tr>\n<tr class=\"row-23 odd\">\n<td class=\"column-1\">POLYKARBON\u00c1TY<\/td>\n<td class=\"column-2\">PC<\/td>\n<td class=\"column-3\">3kg<\/td>\n<td class=\"column-4\">near to prime<\/td>\n<td class=\"column-5\">\u017elt\u00e1<\/td>\n<td class=\"column-6\">skladom<\/td>\n<td class=\"column-7\"><a href=\"#sec1\">M\u00e1m z\u00e1ujem<\/a><\/td>\n<\/tr>\n<tr class=\"row-24 even\">\n<td class=\"column-1\">POLYKARBON\u00c1TY<\/td>\n<td class=\"column-2\">PC-ABS<\/td>\n<td class=\"column-3\">3kg<\/td>\n<td class=\"column-4\">near to prime<\/td>\n<td class=\"column-5\">\u017elt\u00e1<\/td>\n<td class=\"column-6\">skladom<\/td>\n<td class=\"column-7\"><a href=\"#sec1\">M\u00e1m z\u00e1ujem<\/a><\/td>\n<\/tr>\n<tr class=\"row-25 odd\">\n<td class=\"column-1\">POLYKARBON\u00c1TY<\/td>\n<td class=\"column-2\">PC-ASA<\/td>\n<td class=\"column-3\">3kg<\/td>\n<td class=\"column-4\">near to prime<\/td>\n<td class=\"column-5\">\u017elt\u00e1<\/td>\n<td class=\"column-6\">skladom<\/td>\n<td class=\"column-7\"><a href=\"#sec1\">M\u00e1m z\u00e1ujem<\/a><\/td>\n<\/tr>\n<tr class=\"row-26 even\">\n<td class=\"column-1\">POLYKARBON\u00c1TY<\/td>\n<td class=\"column-2\">PC-SAN<\/td>\n<td class=\"column-3\">3kg<\/td>\n<td class=\"column-4\">near to prime<\/td>\n<td class=\"column-5\">\u017elt\u00e1<\/td>\n<td class=\"column-6\">skladom<\/td>\n<td class=\"column-7\"><a href=\"#sec1\">M\u00e1m z\u00e1ujem<\/a><\/td>\n<\/tr>\n<tr class=\"row-27 odd\">\n<td class=\"column-1\">POLYKARBON\u00c1TY<\/td>\n<td class=\"column-2\">PC-PBT\/PET<\/td>\n<td class=\"column-3\">3kg<\/td>\n<td class=\"column-4\">near to prime<\/td>\n<td class=\"column-5\">\u017elt\u00e1<\/td>\n<td class=\"column-6\">skladom<\/td>\n<td class=\"column-7\"><a href=\"#sec1\">M\u00e1m z\u00e1ujem<\/a><\/td>\n<\/tr>\n<tr class=\"row-28 even\">\n<td class=\"column-1\">POLYAMIDY<\/td>\n<td class=\"column-2\">PA6<\/td>\n<td class=\"column-3\">3kg<\/td>\n<td class=\"column-4\">near to prime<\/td>\n<td class=\"column-5\">\u017elt\u00e1<\/td>\n<td class=\"column-6\">skladom<\/td>\n<td class=\"column-7\"><a href=\"#sec1\">M\u00e1m z\u00e1ujem<\/a><\/td>\n<\/tr>\n<tr class=\"row-29 odd\">\n<td class=\"column-1\">POLYAMIDY<\/td>\n<td class=\"column-2\">PA66<\/td>\n<td class=\"column-3\">3kg<\/td>\n<td class=\"column-4\">near to prime<\/td>\n<td class=\"column-5\">\u017elt\u00e1<\/td>\n<td class=\"column-6\">skladom<\/td>\n<td class=\"column-7\"><a href=\"#sec1\">M\u00e1m z\u00e1ujem<\/a><\/td>\n<\/tr>\n<tr class=\"row-30 even\">\n<td class=\"column-1\">POLYAMIDY<\/td>\n<td class=\"column-2\">PA-ABS<\/td>\n<td class=\"column-3\">3kg<\/td>\n<td class=\"column-4\">near to prime<\/td>\n<td class=\"column-5\">\u017elt\u00e1<\/td>\n<td class=\"column-6\">skladom<\/td>\n<td class=\"column-7\"><a href=\"#sec1\">M\u00e1m z\u00e1ujem<\/a><\/td>\n<\/tr>\n<tr class=\"row-31 odd\">\n<td class=\"column-1\">POLYAMIDY<\/td>\n<td class=\"column-2\">PA11<\/td>\n<td class=\"column-3\">3kg<\/td>\n<td class=\"column-4\">near to prime<\/td>\n<td class=\"column-5\">\u017elt\u00e1<\/td>\n<td class=\"column-6\">skladom<\/td>\n<td class=\"column-7\"><a href=\"#sec1\">M\u00e1m z\u00e1ujem<\/a><\/td>\n<\/tr>\n<tr class=\"row-32 even\">\n<td class=\"column-1\">POLYAMIDY<\/td>\n<td class=\"column-2\">PA12<\/td>\n<td class=\"column-3\">3kg<\/td>\n<td class=\"column-4\">near to prime<\/td>\n<td class=\"column-5\">\u017elt\u00e1<\/td>\n<td class=\"column-6\">skladom<\/td>\n<td class=\"column-7\"><a href=\"#sec1\">M\u00e1m z\u00e1ujem<\/a><\/td>\n<\/tr>\n<tr class=\"row-33 odd\">\n<td class=\"column-1\">POLYAMIDY<\/td>\n<td class=\"column-2\">PA4\/6<\/td>\n<td class=\"column-3\">3kg<\/td>\n<td class=\"column-4\">near to prime<\/td>\n<td class=\"column-5\">\u017elt\u00e1<\/td>\n<td class=\"column-6\">skladom<\/td>\n<td class=\"column-7\"><a href=\"#sec1\">M\u00e1m z\u00e1ujem<\/a><\/td>\n<\/tr>\n<tr class=\"row-34 even\">\n<td class=\"column-1\">POLYAMIDY<\/td>\n<td class=\"column-2\">PA6\/3T<\/td>\n<td class=\"column-3\">3kg<\/td>\n<td class=\"column-4\">near to prime<\/td>\n<td class=\"column-5\">\u017elt\u00e1<\/td>\n<td class=\"column-6\">skladom<\/td>\n<td class=\"column-7\"><a href=\"#sec1\">M\u00e1m z\u00e1ujem<\/a><\/td>\n<\/tr>\n<tr class=\"row-35 odd\">\n<td class=\"column-1\">POLYAMIDY<\/td>\n<td class=\"column-2\">PA6\/6T<\/td>\n<td class=\"column-3\">3kg<\/td>\n<td class=\"column-4\">near to prime<\/td>\n<td class=\"column-5\">\u017elt\u00e1<\/td>\n<td class=\"column-6\">skladom<\/td>\n<td class=\"column-7\"><a href=\"#sec1\">M\u00e1m z\u00e1ujem<\/a><\/td>\n<\/tr>\n<tr class=\"row-36 even\">\n<td class=\"column-1\">TERMOPLASTICK\u00c9 POLYESTERY<\/td>\n<td class=\"column-2\">PBT<\/td>\n<td class=\"column-3\">3kg<\/td>\n<td class=\"column-4\">near to prime<\/td>\n<td class=\"column-5\">\u017elt\u00e1<\/td>\n<td class=\"column-6\">skladom<\/td>\n<td class=\"column-7\"><a href=\"#sec1\">M\u00e1m z\u00e1ujem<\/a><\/td>\n<\/tr>\n<tr class=\"row-37 odd\">\n<td class=\"column-1\">TERMOPLASTICK\u00c9 POLYESTERY<\/td>\n<td class=\"column-2\">PET<\/td>\n<td class=\"column-3\">3kg<\/td>\n<td class=\"column-4\">near to prime<\/td>\n<td class=\"column-5\">\u017elt\u00e1<\/td>\n<td class=\"column-6\">skladom<\/td>\n<td class=\"column-7\"><a href=\"#sec1\">M\u00e1m z\u00e1ujem<\/a><\/td>\n<\/tr>\n<tr class=\"row-38 even\">\n<td class=\"column-1\">VYSOKO TEPLOTN\u00c9 POLYM\u00c9RY<\/td>\n<td class=\"column-2\">PEEK<\/td>\n<td class=\"column-3\">3kg<\/td>\n<td class=\"column-4\">near to prime<\/td>\n<td class=\"column-5\">\u017elt\u00e1<\/td>\n<td class=\"column-6\">skladom<\/td>\n<td class=\"column-7\"><a href=\"#sec1\">M\u00e1m z\u00e1ujem<\/a><\/td>\n<\/tr>\n<tr class=\"row-39 odd\">\n<td class=\"column-1\">VYSOKO TEPLOTN\u00c9 POLYM\u00c9RY<\/td>\n<td class=\"column-2\">PPS<\/td>\n<td class=\"column-3\">3kg<\/td>\n<td class=\"column-4\">near to prime<\/td>\n<td class=\"column-5\">\u017elt\u00e1<\/td>\n<td class=\"column-6\">skladom<\/td>\n<td class=\"column-7\"><a href=\"#sec1\">M\u00e1m z\u00e1ujem<\/a><\/td>\n<\/tr>\n<tr class=\"row-40 even\">\n<td class=\"column-1\">VYSOKO TEPLOTN\u00c9 POLYM\u00c9RY<\/td>\n<td class=\"column-2\">PEI<\/td>\n<td class=\"column-3\">3kg<\/td>\n<td class=\"column-4\">near to prime<\/td>\n<td class=\"column-5\">\u017elt\u00e1<\/td>\n<td class=\"column-6\">skladom<\/td>\n<td class=\"column-7\"><a href=\"#sec1\">M\u00e1m z\u00e1ujem<\/a><\/td>\n<\/tr>\n<tr class=\"row-41 odd\">\n<td class=\"column-1\">VYSOKO TEPLOTN\u00c9 POLYM\u00c9RY<\/td>\n<td class=\"column-2\">PSU<\/td>\n<td class=\"column-3\">3kg<\/td>\n<td class=\"column-4\">near to prime<\/td>\n<td class=\"column-5\">\u017elt\u00e1<\/td>\n<td class=\"column-6\">skladom<\/td>\n<td class=\"column-7\"><a href=\"#sec1\">M\u00e1m z\u00e1ujem<\/a><\/td>\n<\/tr>\n<tr class=\"row-42 even\">\n<td class=\"column-1\">VYSOKO TEPLOTN\u00c9 POLYM\u00c9RY<\/td>\n<td class=\"column-2\">PES<\/td>\n<td class=\"column-3\">3kg<\/td>\n<td class=\"column-4\">near to prime<\/td>\n<td class=\"column-5\">\u017elt\u00e1<\/td>\n<td class=\"column-6\">skladom<\/td>\n<td class=\"column-7\"><a href=\"#sec1\">M\u00e1m z\u00e1ujem<\/a><\/td>\n<\/tr>\n<tr class=\"row-43 odd\">\n<td class=\"column-1\">VYSOKO TEPLOTN\u00c9 POLYM\u00c9RY<\/td>\n<td class=\"column-2\">PPSU<\/td>\n<td class=\"column-3\">3kg<\/td>\n<td class=\"column-4\">near to prime<\/td>\n<td class=\"column-5\">\u017elt\u00e1<\/td>\n<td class=\"column-6\">skladom<\/td>\n<td class=\"column-7\"><a href=\"#sec1\">M\u00e1m z\u00e1ujem<\/a><\/td>\n<\/tr>\n<tr class=\"row-44 even\">\n<td class=\"column-1\">VYSOKO TEPLOTN\u00c9 POLYM\u00c9RY<\/td>\n<td class=\"column-2\">LCP<\/td>\n<td class=\"column-3\">3kg<\/td>\n<td class=\"column-4\">near to prime<\/td>\n<td class=\"column-5\">\u017elt\u00e1<\/td>\n<td class=\"column-6\">skladom<\/td>\n<td class=\"column-7\"><a href=\"#sec1\">M\u00e1m z\u00e1ujem<\/a><\/td>\n<\/tr>\n<tr class=\"row-45 odd\">\n<td class=\"column-1\">VYSOKO TEPLOTN\u00c9 POLYM\u00c9RY<\/td>\n<td class=\"column-2\">PAI<\/td>\n<td class=\"column-3\">3kg<\/td>\n<td class=\"column-4\">near to prime<\/td>\n<td class=\"column-5\">\u017elt\u00e1<\/td>\n<td class=\"column-6\">skladom<\/td>\n<td class=\"column-7\"><a href=\"#sec1\">M\u00e1m z\u00e1ujem<\/a><\/td>\n<\/tr>\n<tr class=\"row-46 even\">\n<td class=\"column-1\">POLYM\u00c9RY NA B\u00c1ZE FLU\u00d3RU<\/td>\n<td class=\"column-2\">PVDF<\/td>\n<td class=\"column-3\">3kg<\/td>\n<td class=\"column-4\">near to prime<\/td>\n<td class=\"column-5\">\u017elt\u00e1<\/td>\n<td class=\"column-6\">skladom<\/td>\n<td class=\"column-7\"><a href=\"#sec1\">M\u00e1m z\u00e1ujem<\/a><\/td>\n<\/tr>\n<tr class=\"row-47 odd\">\n<td class=\"column-1\">POLYM\u00c9RY NA B\u00c1ZE FLU\u00d3RU<\/td>\n<td class=\"column-2\">PFA<\/td>\n<td class=\"column-3\">3kg<\/td>\n<td class=\"column-4\">near to prime<\/td>\n<td class=\"column-5\">\u017elt\u00e1<\/td>\n<td class=\"column-6\">skladom<\/td>\n<td class=\"column-7\"><a href=\"#sec1\">M\u00e1m z\u00e1ujem<\/a><\/td>\n<\/tr>\n<tr class=\"row-48 even\">\n<td class=\"column-1\">POLYM\u00c9RY NA B\u00c1ZE FLU\u00d3RU<\/td>\n<td class=\"column-2\">PTFE<\/td>\n<td class=\"column-3\">3kg<\/td>\n<td class=\"column-4\">near to prime<\/td>\n<td class=\"column-5\">\u017elt\u00e1<\/td>\n<td class=\"column-6\">skladom<\/td>\n<td class=\"column-7\"><a href=\"#sec1\">M\u00e1m z\u00e1ujem<\/a><\/td>\n<\/tr>\n<tr class=\"row-49 odd\">\n<td class=\"column-1\">POLYM\u00c9RY NA B\u00c1ZE FLU\u00d3RU<\/td>\n<td class=\"column-2\">FEP<\/td>\n<td class=\"column-3\">3kg<\/td>\n<td class=\"column-4\">near to prime<\/td>\n<td class=\"column-5\">\u017elt\u00e1<\/td>\n<td class=\"column-6\">skladom<\/td>\n<td class=\"column-7\"><a href=\"#sec1\">M\u00e1m z\u00e1ujem<\/a><\/td>\n<\/tr>\n<tr class=\"row-50 even\">\n<td class=\"column-1\">POLYM\u00c9RY NA B\u00c1ZE FLU\u00d3RU<\/td>\n<td class=\"column-2\">ECTFE<\/td>\n<td class=\"column-3\">3kg<\/td>\n<td class=\"column-4\">near to prime<\/td>\n<td class=\"column-5\">\u017elt\u00e1<\/td>\n<td class=\"column-6\">skladom<\/td>\n<td class=\"column-7\"><a href=\"#sec1\">M\u00e1m z\u00e1ujem<\/a><\/td>\n<\/tr>\n<tr class=\"row-51 odd\">\n<td class=\"column-1\">POLYURET\u00c1NY A OSTATN\u00c9 TERMOPLASTICK\u00c9 ELASTOM\u00c9RY<\/td>\n<td class=\"column-2\">TPU<\/td>\n<td class=\"column-3\">3kg<\/td>\n<td class=\"column-4\">near to prime<\/td>\n<td class=\"column-5\">\u017elt\u00e1<\/td>\n<td class=\"column-6\">skladom<\/td>\n<td class=\"column-7\"><a href=\"#sec1\">M\u00e1m z\u00e1ujem<\/a><\/td>\n<\/tr>\n<tr class=\"row-52 even\">\n<td class=\"column-1\">POLYURET\u00c1NY A OSTATN\u00c9 TERMOPLASTICK\u00c9 ELASTOM\u00c9RY<\/td>\n<td class=\"column-2\">TPE-V<\/td>\n<td class=\"column-3\">3kg<\/td>\n<td class=\"column-4\">near to prime<\/td>\n<td class=\"column-5\">\u017elt\u00e1<\/td>\n<td class=\"column-6\">skladom<\/td>\n<td class=\"column-7\"><a href=\"#sec1\">M\u00e1m z\u00e1ujem<\/a><\/td>\n<\/tr>\n<tr class=\"row-53 odd\">\n<td class=\"column-1\">POLYURET\u00c1NY A OSTATN\u00c9 TERMOPLASTICK\u00c9 ELASTOM\u00c9RY<\/td>\n<td class=\"column-2\">TPE-A<\/td>\n<td class=\"column-3\">3kg<\/td>\n<td class=\"column-4\">near to prime<\/td>\n<td class=\"column-5\">\u017elt\u00e1<\/td>\n<td class=\"column-6\">skladom<\/td>\n<td class=\"column-7\"><a href=\"#sec1\">M\u00e1m z\u00e1ujem<\/a><\/td>\n<\/tr>\n<tr class=\"row-54 even\">\n<td class=\"column-1\">POLYURET\u00c1NY A OSTATN\u00c9 TERMOPLASTICK\u00c9 ELASTOM\u00c9RY<\/td>\n<td class=\"column-2\">TPE-E<\/td>\n<td class=\"column-3\">3kg<\/td>\n<td class=\"column-4\">near to prime<\/td>\n<td class=\"column-5\">\u017elt\u00e1<\/td>\n<td class=\"column-6\">skladom<\/td>\n<td class=\"column-7\"><a href=\"#sec1\">M\u00e1m z\u00e1ujem<\/a><\/td>\n<\/tr>\n<tr class=\"row-55 odd\">\n<td class=\"column-1\">POLYURET\u00c1NY A OSTATN\u00c9 TERMOPLASTICK\u00c9 ELASTOM\u00c9RY<\/td>\n<td class=\"column-2\">TPE-S<\/td>\n<td class=\"column-3\">3kg<\/td>\n<td class=\"column-4\">near to prime<\/td>\n<td class=\"column-5\">\u017elt\u00e1<\/td>\n<td class=\"column-6\">skladom<\/td>\n<td class=\"column-7\"><a href=\"#sec1\">M\u00e1m z\u00e1ujem<\/a><\/td>\n<\/tr>\n<\/tbody>\n<\/table>\n<\/div>\n<p><!-- #tablepress-1 from cache --><\/div>\n<\/p><\/div>\n<\/p><\/div>\n<\/p><\/div>\n<\/p><\/div>\n<\/p><\/div>\n<\/section>\n<section class=\"elementor-section elementor-top-section elementor-element elementor-element-ad2ec93 elementor-section-stretched sec1 elementor-section-boxed elementor-section-height-default elementor-section-height-default\" data-id=\"ad2ec93\" data-element_type=\"section\" id=\"sec1\" data-settings=\"{&quot;stretch_section&quot;:&quot;section-stretched&quot;,&quot;background_background&quot;:&quot;classic&quot;}\">\n<div class=\"elementor-container elementor-column-gap-default\">\n<div class=\"elementor-column elementor-col-100 elementor-top-column elementor-element elementor-element-d3bbb42\" data-id=\"d3bbb42\" data-element_type=\"column\">\n<div class=\"elementor-widget-wrap elementor-element-populated\">\n<div class=\"elementor-element elementor-element-40a1806 elementor-widget elementor-widget-heading\" data-id=\"40a1806\" data-element_type=\"widget\" data-widget_type=\"heading.default\">\n<div class=\"elementor-widget-container\">\n<h2 class=\"elementor-heading-title elementor-size-default\">V pr\u00edpade z\u00e1ujmu n\u00e1s nev\u00e1hajte kontaktova\u0165<\/h2>\n<\/p><\/div>\n<\/p><\/div>\n<section class=\"elementor-section elementor-inner-section elementor-element elementor-element-d34df6c elementor-section-boxed elementor-section-height-default elementor-section-height-default\" data-id=\"d34df6c\" data-element_type=\"section\">\n<div class=\"elementor-container elementor-column-gap-default\">\n<div class=\"elementor-column elementor-col-50 elementor-inner-column elementor-element elementor-element-7e38fb1\" data-id=\"7e38fb1\" data-element_type=\"column\">\n<div class=\"elementor-widget-wrap elementor-element-populated\">\n<div class=\"elementor-element elementor-element-24cf53f elementor-view-default elementor-position-top elementor-vertical-align-top elementor-widget elementor-widget-icon-box\" data-id=\"24cf53f\" data-element_type=\"widget\" data-widget_type=\"icon-box.default\">\n<div class=\"elementor-widget-container\">\n<div class=\"elementor-icon-box-wrapper\">\n<div class=\"elementor-icon-box-icon\">\n\t\t\t\t<span class=\"elementor-icon elementor-animation-shrink\" ><br \/>\n\t\t\t\t<i aria-hidden=\"true\" class=\"fas fa-briefcase\"><\/i>\t\t\t\t<\/span>\n\t\t\t<\/div>\n<div class=\"elementor-icon-box-content\">\n<h3 class=\"elementor-icon-box-title\">\n\t\t\t\t\t<span  ><br \/>\n\t\t\t\t\t\tTel. +421 (0) 38 7498 714-5\t\t\t\t\t<\/span><br \/>\n\t\t\t\t<\/h3>\n<p class=\"elementor-icon-box-description\">\n\t\t\t\t\t\t<strong>Ing. Julius Bru\u0161ka<\/strong><br \/>\nKonate\u013e spolo\u010dnosti\t\t\t\t\t<\/p>\n<\/p><\/div>\n<\/p><\/div>\n<\/p><\/div>\n<\/p><\/div>\n<\/p><\/div>\n<\/p><\/div>\n<div class=\"elementor-column elementor-col-50 elementor-inner-column elementor-element elementor-element-a0c55e1\" data-id=\"a0c55e1\" data-element_type=\"column\">\n<div class=\"elementor-widget-wrap elementor-element-populated\">\n<div class=\"elementor-element elementor-element-4f8f224 elementor-view-default elementor-position-top elementor-vertical-align-top elementor-widget elementor-widget-icon-box\" data-id=\"4f8f224\" data-element_type=\"widget\" data-widget_type=\"icon-box.default\">\n<div class=\"elementor-widget-container\">\n<div class=\"elementor-icon-box-wrapper\">\n<div class=\"elementor-icon-box-icon\">\n\t\t\t\t<span class=\"elementor-icon elementor-animation-shrink\" ><br \/>\n\t\t\t\t<i aria-hidden=\"true\" class=\"fas fa-comments-dollar\"><\/i>\t\t\t\t<\/span>\n\t\t\t<\/div>\n<div class=\"elementor-icon-box-content\">\n<h3 class=\"elementor-icon-box-title\">\n\t\t\t\t\t<span  ><br \/>\n\t\t\t\t\t\tMobil +421 (0) 915 748 691\t\t\t\t\t<\/span><br \/>\n\t\t\t\t<\/h3>\n<p class=\"elementor-icon-box-description\">\n\t\t\t\t\t\t<strong>Ing. Stanislava K\u00f3nyov\u00e1<\/strong><br \/>\nVed\u00faca predaja a marketingu\t\t\t\t\t<\/p>\n<\/p><\/div>\n<\/p><\/div>\n<\/p><\/div>\n<\/p><\/div>\n<\/p><\/div>\n<\/p><\/div>\n<\/p><\/div>\n<\/section><\/div>\n<\/p><\/div>\n<\/p><\/div>\n<\/section><\/div>\n<\/p><\/div>\n","protected":false},"excerpt":{"rendered":"<p>V pr\u00edpade z\u00e1ujmu n\u00e1s nev\u00e1hajte kontaktova\u0165 Tel. +421 (0) 38 7498 714-5 Ing. Julius Bru\u0161ka Konate\u013e spolo\u010dnosti Mobil +421 (0) 915 748 691 Ing. Stanislava K\u00f3nyov\u00e1 Ved\u00faca predaja a marketingu<\/p>\n","protected":false},"author":3,"featured_media":0,"parent":0,"menu_order":0,"comment_status":"closed","ping_status":"closed","template":"","meta":{"_seopress_robots_primary_cat":"","_seopress_titles_title":"","_seopress_titles_desc":"","_seopress_robots_index":""},"_links":{"self":[{"href":"https:\/\/lukoplast.sk\/index.php\/wp-json\/wp\/v2\/pages\/351"}],"collection":[{"href":"https:\/\/lukoplast.sk\/index.php\/wp-json\/wp\/v2\/pages"}],"about":[{"href":"https:\/\/lukoplast.sk\/index.php\/wp-json\/wp\/v2\/types\/page"}],"author":[{"embeddable":true,"href":"https:\/\/lukoplast.sk\/index.php\/wp-json\/wp\/v2\/users\/3"}],"replies":[{"embeddable":true,"href":"https:\/\/lukoplast.sk\/index.php\/wp-json\/wp\/v2\/comments?post=351"}],"version-history":[{"count":0,"href":"https:\/\/lukoplast.sk\/index.php\/wp-json\/wp\/v2\/pages\/351\/revisions"}],"wp:attachment":[{"href":"https:\/\/lukoplast.sk\/index.php\/wp-json\/wp\/v2\/media?parent=351"}],"curies":[{"name":"wp","href":"https:\/\/api.w.org\/{rel}","templated":true}]}}