{"id":5,"date":"2018-05-14T15:17:18","date_gmt":"2018-05-14T13:17:18","guid":{"rendered":"http:\/\/lukoplast.sk\/?page_id=5"},"modified":"2024-08-04T13:38:49","modified_gmt":"2024-08-04T11:38:49","slug":"o-nas","status":"publish","type":"page","link":"https:\/\/lukoplast.sk\/index.php\/o-nas\/","title":{"rendered":"O n\u00e1s"},"content":{"rendered":"<p>Spolo\u010dnos\u0165 Lukoplast spol. s.r.o. zalo\u017een\u00e1 v\u00a0roku 2003 sa\u00a0od svojho vzniku venuje dovozu, predaju a distrib\u00faci\u00ed plastov\u00fdch granul\u00e1tov. Od roku 2019 spolo\u010dnos\u0165 roz\u0161\u00edrila aktivity o\u00a0zhodnocovanie plastov\u00fdch odpadov a\u00a0recykl\u00e1ciu.<\/p>\n<p>Na\u0161im cie\u013eom je zabezpe\u010di\u0165 kvalitn\u00e9 slu\u017eby, spo\u013eahliv\u00fa logistiku a\u00a0odborn\u00e9 poradenstvo na\u0161im z\u00e1kazn\u00edkom. Sna\u017e\u00edme sa dod\u00e1va\u0165 materi\u00e1ly v\u00a0s\u00falade s\u00a0po\u017eiadavkami a\u00a0prian\u00edm jednotliv\u00fdch z\u00e1kazn\u00edkov a\u00a0zaisti\u0165 tak plynulos\u0165 dod\u00e1vok. <\/p>\n<p>Sme hrd\u00ed na to, \u017ee sme zodpovedn\u00fdm v\u00fdrobcom. Akt\u00edvnou \u00fa\u010das\u0165ou v syst\u00e9me roz\u0161\u00edrenej zodpovednosti prispievame k zdrav\u0161iemu a kraj\u0161iemu \u017eivotn\u00e9mu prostrediu. V\u010faka tomu sa n\u00e1m podarilo z\u00edska\u0165 <a href=\"https:\/\/lukoplast.sk\/wp-content\/uploads\/NP_certifikaty-3.pdf\">certifik\u00e1t environment\u00e1lne zodpovedn\u00e9ho v\u00fdrobcu za rok 2023<\/a> a <a href=\"https:\/\/lukoplast.sk\/wp-content\/uploads\/NP_certifikaty-2.pdf\">certifik\u00e1t preukazuj\u00faci plnenie povinnost\u00ed v\u00fdrobcu v OZV NATUR \u2013 PACK, a.s. pre rok 2024<\/a>.<\/p>\n<p>Nezab\u00fadajte, \u017ee sme tu pre Va\u0161u spokojnos\u0165.<\/p>\n<p style=\"text-align: right;\">Ing. J\u00falius Bru\u0161ka<br \/>\nkonate\u013e spolo\u010dnosti<\/p>\n","protected":false},"excerpt":{"rendered":"<p>Spolo\u010dnos\u0165 Lukoplast spol. s.r.o. zalo\u017een\u00e1 v\u00a0roku 2003 sa\u00a0od svojho vzniku venuje dovozu, predaju a distrib\u00faci\u00ed plastov\u00fdch granul\u00e1tov. Od roku 2019 spolo\u010dnos\u0165 roz\u0161\u00edrila aktivity o\u00a0zhodnocovanie plastov\u00fdch odpadov a\u00a0recykl\u00e1ciu. Na\u0161im cie\u013eom je zabezpe\u010di\u0165 kvalitn\u00e9 slu\u017eby, spo\u013eahliv\u00fa logistiku a\u00a0odborn\u00e9 poradenstvo na\u0161im z\u00e1kazn\u00edkom. Sna\u017e\u00edme sa dod\u00e1va\u0165 materi\u00e1ly v\u00a0s\u00falade s\u00a0po\u017eiadavkami a\u00a0prian\u00edm jednotliv\u00fdch z\u00e1kazn\u00edkov a\u00a0zaisti\u0165 tak plynulos\u0165 dod\u00e1vok. Sme hrd\u00ed na&#8230;<\/p>\n","protected":false},"author":1,"featured_media":0,"parent":0,"menu_order":0,"comment_status":"closed","ping_status":"closed","template":"","meta":{"_seopress_robots_primary_cat":"","_seopress_titles_title":"","_seopress_titles_desc":"","_seopress_robots_index":""},"_links":{"self":[{"href":"https:\/\/lukoplast.sk\/index.php\/wp-json\/wp\/v2\/pages\/5"}],"collection":[{"href":"https:\/\/lukoplast.sk\/index.php\/wp-json\/wp\/v2\/pages"}],"about":[{"href":"https:\/\/lukoplast.sk\/index.php\/wp-json\/wp\/v2\/types\/page"}],"author":[{"embeddable":true,"href":"https:\/\/lukoplast.sk\/index.php\/wp-json\/wp\/v2\/users\/1"}],"replies":[{"embeddable":true,"href":"https:\/\/lukoplast.sk\/index.php\/wp-json\/wp\/v2\/comments?post=5"}],"version-history":[{"count":0,"href":"https:\/\/lukoplast.sk\/index.php\/wp-json\/wp\/v2\/pages\/5\/revisions"}],"wp:attachment":[{"href":"https:\/\/lukoplast.sk\/index.php\/wp-json\/wp\/v2\/media?parent=5"}],"curies":[{"name":"wp","href":"https:\/\/api.w.org\/{rel}","templated":true}]}}